{"id":3,"date":"2021-06-05T09:23:48","date_gmt":"2021-06-05T09:23:48","guid":{"rendered":"https:\/\/reflexo.startdsi.fr\/?page_id=3"},"modified":"2021-06-27T14:48:14","modified_gmt":"2021-06-27T14:48:14","slug":"privacy-policy","status":"publish","type":"page","link":"https:\/\/reflexomassage.com\/en\/privacy-policy\/","title":{"rendered":"Legal notice"},"content":{"rendered":"<h1 class=\"wp-block-heading\">Legal notice<\/h1>\r\n<p>Les informations suivantes sont fournies en vertu de l\u2019Article 6 de\u00a0<a href=\"https:\/\/www.legifrance.gouv.fr\/affichTexte.do?cidTexte=JORFTEXT000000801164\">loi n\u00b0 2004-575 du 21 juin 2004<\/a>\u00a0pour la Confiance dans l\u2019Economie Num\u00e9rique et le\u00a0<a href=\"https:\/\/www.legifrance.gouv.fr\/affichTexte.do?cidTexte=JORFTEXT000000276957&amp;dateTexte=&amp;categorieLien=id\">d\u00e9cret du 9 mai 2007<\/a>.<\/p>\r\n<h2>Soci\u00e9t\u00e9 Reflexomassage<\/h2>\r\n\r\n\r\n\r\n<p><b>Repr\u00e9sentant l\u00e9gal\u00a0 :\u00a0 <\/b>C\u00e9cile Page<\/p>\r\n<p><b>Adresse de la soci\u00e9t\u00e9 :\u00a0 <\/b>40510, Seignosse, France<\/p>\r\n<p><b>Site web\u00a0 : <a href=\"https:\/\/reflexomassage.com\/en\/\">reflexomassage.com<\/a><\/b><\/p>\r\n<p><b>Contact\u00a0 :\u00a0 <\/b><a href=\"mailto:cecilepage@me.com\">cecilepage@me.com<\/a> \/ \u00a0<a href=\"tel:07%2086%2038%2073%2065\">07 86 38 73 65<\/a><\/p>\r\n\r\n\r\n\r\n<h2 class=\"wp-block-heading\">Immatriculation<\/h2>\r\n<p><b>Num\u00e9ro SIREN :\u00a0 <\/b>354 416 342<\/p>\r\n<p><b>SIRET :\u00a0 <\/b>354 416 342 00010<\/p>\r\n<h2>H\u00e9bergement<\/h2>\r\n<p>StartDSI, 4 rue N\u00e9laton, 75015 Paris<\/p>\r\n<h2>Autres informations<\/h2>\r\n<div class=\"n module-type-textWithImage diyfeLiveArea\">\r\n<div id=\"textWithImage-5781015537\" class=\"clearover\">\r\n<div class=\"textwrapper\">\r\n<p><strong>Je ne suis pas Kin\u00e9sith\u00e9rapeute<\/strong><\/p>\r\n<\/div>\r\n<\/div>\r\n<\/div>\r\n\r\n\r\n\r\n\r\n\r\n<p>&nbsp;<\/p>","protected":false},"excerpt":{"rendered":"<p>Mentions l\u00e9gales Les informations suivantes sont fournies en vertu de l\u2019Article 6 de\u00a0loi n\u00b0 2004-575 du 21 juin 2004\u00a0pour la Confiance dans l\u2019Economie Num\u00e9rique et le\u00a0d\u00e9cret du 9 mai 2007. Soci\u00e9t\u00e9 Reflexomassage Repr\u00e9sentant l\u00e9gal\u00a0 :\u00a0 C\u00e9cile Page Adresse de la soci\u00e9t\u00e9 :\u00a0 40510, Seignosse, France Site web\u00a0 : reflexomassage.com Contact\u00a0 :\u00a0 cecilepage@me.com \/ \u00a007 86 [&hellip;]<\/p>\n","protected":false},"author":1,"featured_media":0,"parent":0,"menu_order":0,"comment_status":"closed","ping_status":"closed","template":"","meta":{"footnotes":""},"class_list":["post-3","page","type-page","status-publish","hentry"],"yoast_head":"<!-- This site is optimized with the Yoast SEO plugin v27.6 - https:\/\/yoast.com\/product\/yoast-seo-wordpress\/ -->\n<title>Mentions l\u00e9gales - ReflexoMassage<\/title>\n<meta name=\"robots\" content=\"index, follow, max-snippet:-1, max-image-preview:large, max-video-preview:-1\" \/>\n<link rel=\"canonical\" href=\"https:\/\/reflexomassage.com\/en\/privacy-policy\/\" \/>\n<meta property=\"og:locale\" content=\"en_GB\" \/>\n<meta property=\"og:type\" content=\"article\" \/>\n<meta property=\"og:title\" content=\"Mentions l\u00e9gales - ReflexoMassage\" \/>\n<meta property=\"og:description\" content=\"Mentions l\u00e9gales Les informations suivantes sont fournies en vertu de l\u2019Article 6 de\u00a0loi n\u00b0 2004-575 du 21 juin 2004\u00a0pour la Confiance dans l\u2019Economie Num\u00e9rique et le\u00a0d\u00e9cret du 9 mai 2007. Soci\u00e9t\u00e9 Reflexomassage Repr\u00e9sentant l\u00e9gal\u00a0 :\u00a0 C\u00e9cile Page Adresse de la soci\u00e9t\u00e9 :\u00a0 40510, Seignosse, France Site web\u00a0 : reflexomassage.com Contact\u00a0 :\u00a0 cecilepage@me.com \/ \u00a007 86 [&hellip;]\" \/>\n<meta property=\"og:url\" content=\"https:\/\/reflexomassage.com\/en\/privacy-policy\/\" \/>\n<meta property=\"og:site_name\" content=\"ReflexoMassage\" \/>\n<meta property=\"article:modified_time\" content=\"2021-06-27T14:48:14+00:00\" \/>\n<meta name=\"twitter:card\" content=\"summary_large_image\" \/>\n<script type=\"application\/ld+json\" class=\"yoast-schema-graph\">{\"@context\":\"https:\\\/\\\/schema.org\",\"@graph\":[{\"@type\":\"WebPage\",\"@id\":\"https:\\\/\\\/reflexomassage.com\\\/privacy-policy\\\/\",\"url\":\"https:\\\/\\\/reflexomassage.com\\\/privacy-policy\\\/\",\"name\":\"Mentions l\u00e9gales - ReflexoMassage\",\"isPartOf\":{\"@id\":\"https:\\\/\\\/reflexomassage.com\\\/#website\"},\"datePublished\":\"2021-06-05T09:23:48+00:00\",\"dateModified\":\"2021-06-27T14:48:14+00:00\",\"breadcrumb\":{\"@id\":\"https:\\\/\\\/reflexomassage.com\\\/privacy-policy\\\/#breadcrumb\"},\"inLanguage\":\"en-GB\",\"potentialAction\":[{\"@type\":\"ReadAction\",\"target\":[\"https:\\\/\\\/reflexomassage.com\\\/privacy-policy\\\/\"]}]},{\"@type\":\"BreadcrumbList\",\"@id\":\"https:\\\/\\\/reflexomassage.com\\\/privacy-policy\\\/#breadcrumb\",\"itemListElement\":[{\"@type\":\"ListItem\",\"position\":1,\"name\":\"Accueil\",\"item\":\"https:\\\/\\\/reflexomassage.com\\\/\"},{\"@type\":\"ListItem\",\"position\":2,\"name\":\"Mentions l\u00e9gales\"}]},{\"@type\":\"WebSite\",\"@id\":\"https:\\\/\\\/reflexomassage.com\\\/#website\",\"url\":\"https:\\\/\\\/reflexomassage.com\\\/\",\"name\":\"ReflexoMassage\",\"description\":\"C\u00e9cile Page - Reflexo Massage Hossegor - Seignosse - Capbreton\",\"potentialAction\":[{\"@type\":\"SearchAction\",\"target\":{\"@type\":\"EntryPoint\",\"urlTemplate\":\"https:\\\/\\\/reflexomassage.com\\\/?s={search_term_string}\"},\"query-input\":{\"@type\":\"PropertyValueSpecification\",\"valueRequired\":true,\"valueName\":\"search_term_string\"}}],\"inLanguage\":\"en-GB\"}]}<\/script>\n<!-- \/ Yoast SEO plugin. -->","yoast_head_json":{"title":"Mentions l\u00e9gales - ReflexoMassage","robots":{"index":"index","follow":"follow","max-snippet":"max-snippet:-1","max-image-preview":"max-image-preview:large","max-video-preview":"max-video-preview:-1"},"canonical":"https:\/\/reflexomassage.com\/en\/privacy-policy\/","og_locale":"en_GB","og_type":"article","og_title":"Mentions l\u00e9gales - ReflexoMassage","og_description":"Mentions l\u00e9gales Les informations suivantes sont fournies en vertu de l\u2019Article 6 de\u00a0loi n\u00b0 2004-575 du 21 juin 2004\u00a0pour la Confiance dans l\u2019Economie Num\u00e9rique et le\u00a0d\u00e9cret du 9 mai 2007. Soci\u00e9t\u00e9 Reflexomassage Repr\u00e9sentant l\u00e9gal\u00a0 :\u00a0 C\u00e9cile Page Adresse de la soci\u00e9t\u00e9 :\u00a0 40510, Seignosse, France Site web\u00a0 : reflexomassage.com Contact\u00a0 :\u00a0 cecilepage@me.com \/ \u00a007 86 [&hellip;]","og_url":"https:\/\/reflexomassage.com\/en\/privacy-policy\/","og_site_name":"ReflexoMassage","article_modified_time":"2021-06-27T14:48:14+00:00","twitter_card":"summary_large_image","schema":{"@context":"https:\/\/schema.org","@graph":[{"@type":"WebPage","@id":"https:\/\/reflexomassage.com\/privacy-policy\/","url":"https:\/\/reflexomassage.com\/privacy-policy\/","name":"Mentions l\u00e9gales - ReflexoMassage","isPartOf":{"@id":"https:\/\/reflexomassage.com\/#website"},"datePublished":"2021-06-05T09:23:48+00:00","dateModified":"2021-06-27T14:48:14+00:00","breadcrumb":{"@id":"https:\/\/reflexomassage.com\/privacy-policy\/#breadcrumb"},"inLanguage":"en-GB","potentialAction":[{"@type":"ReadAction","target":["https:\/\/reflexomassage.com\/privacy-policy\/"]}]},{"@type":"BreadcrumbList","@id":"https:\/\/reflexomassage.com\/privacy-policy\/#breadcrumb","itemListElement":[{"@type":"ListItem","position":1,"name":"Accueil","item":"https:\/\/reflexomassage.com\/"},{"@type":"ListItem","position":2,"name":"Mentions l\u00e9gales"}]},{"@type":"WebSite","@id":"https:\/\/reflexomassage.com\/#website","url":"https:\/\/reflexomassage.com\/","name":"ReflexoMassage","description":"C\u00e9cile Page - Reflexo Massage Hossegor - Seignosse - Capbreton","potentialAction":[{"@type":"SearchAction","target":{"@type":"EntryPoint","urlTemplate":"https:\/\/reflexomassage.com\/?s={search_term_string}"},"query-input":{"@type":"PropertyValueSpecification","valueRequired":true,"valueName":"search_term_string"}}],"inLanguage":"en-GB"}]}},"_links":{"self":[{"href":"https:\/\/reflexomassage.com\/en\/wp-json\/wp\/v2\/pages\/3","targetHints":{"allow":["GET"]}}],"collection":[{"href":"https:\/\/reflexomassage.com\/en\/wp-json\/wp\/v2\/pages"}],"about":[{"href":"https:\/\/reflexomassage.com\/en\/wp-json\/wp\/v2\/types\/page"}],"author":[{"embeddable":true,"href":"https:\/\/reflexomassage.com\/en\/wp-json\/wp\/v2\/users\/1"}],"replies":[{"embeddable":true,"href":"https:\/\/reflexomassage.com\/en\/wp-json\/wp\/v2\/comments?post=3"}],"version-history":[{"count":4,"href":"https:\/\/reflexomassage.com\/en\/wp-json\/wp\/v2\/pages\/3\/revisions"}],"predecessor-version":[{"id":632,"href":"https:\/\/reflexomassage.com\/en\/wp-json\/wp\/v2\/pages\/3\/revisions\/632"}],"wp:attachment":[{"href":"https:\/\/reflexomassage.com\/en\/wp-json\/wp\/v2\/media?parent=3"}],"curies":[{"name":"wp","href":"https:\/\/api.w.org\/{rel}","templated":true}]}}